{"id":375206,"date":"2025-09-18T11:46:25","date_gmt":"2025-09-18T09:46:25","guid":{"rendered":"https:\/\/hayadigital.com\/blog\/"},"modified":"2026-03-11T11:40:28","modified_gmt":"2026-03-11T10:40:28","slug":"blog","status":"publish","type":"page","link":"https:\/\/hayadigital.com\/es\/blog\/","title":{"rendered":"Blog"},"content":{"rendered":"<div class=\"et_pb_section_2 et_pb_section et_section_regular et_flex_section\">\n<div class=\"et_pb_row_2 et_pb_row et_flex_row\">\n<div class=\"et_pb_column_2 et_pb_column et-last-child et_flex_column et_pb_css_mix_blend_mode_passthrough et_flex_column_24_24 et_flex_column_24_24_tablet et_flex_column_24_24_phone\">\n<div class=\"et_pb_text_2 et_pb_text et_pb_bg_layout_light et_pb_module et_flex_module\"><div class=\"et_pb_text_inner\"><h1 style=\"text-align: center;\">Blog de Haya Digital<\/h1>\n<\/div><\/div>\n<\/div>\n<\/div>\n<\/div>\n\n<div class=\"et_pb_section_3 et_pb_section et_section_regular et_flex_section\"><span class=\"et_pb_background_mask\"><\/span>\n<div class=\"et_pb_row_3 et_pb_row et_flex_row et_animated\"><div class=\"et_pb_column_3 et_pb_column et_flex_column et_pb_css_mix_blend_mode_passthrough et_clickable et_flex_column_8_24 et_flex_column_12_24_tablet et_flex_column_24_24_phone\" data-loop-item=\"0\">\n<div class=\"et_pb_image_0 et_pb_image et_pb_module et_flex_module\"><span class=\"et_pb_image_wrap\"><img loading=\"lazy\" decoding=\"async\" src=\"https:\/\/hayadigital.com\/wp-content\/uploads\/2026\/03\/Gemini_Generated_Image_jkqosljkqosljkqo-1024x559.png\" alt=\"Dise\u00f1ador web profesional\" title=\"Dise\u00f1ador web profesional\" width=\"1024\" height=\"559\" srcset=\"https:\/\/hayadigital.com\/wp-content\/uploads\/2026\/03\/Gemini_Generated_Image_jkqosljkqosljkqo-980x534.png 980w, https:\/\/hayadigital.com\/wp-content\/uploads\/2026\/03\/Gemini_Generated_Image_jkqosljkqosljkqo-480x262.png 480w\" sizes=\"(min-width: 0px) and (max-width: 480px) 480px, (min-width: 481px) and (max-width: 980px) 980px, (min-width: 981px) 1024px, 100vw\" class=\"wp-image-375287\" \/><\/span><\/div>\n\n<div class=\"et_pb_heading_0 et_pb_heading et_pb_module et_flex_module\"><div class=\"et_pb_heading_container\"><h1 class=\"et_pb_module_header\">Por qu\u00e9 su empresa merece un sitio web profesional en lugar de una plantilla DIY<\/h1><\/div><\/div>\n\n<div class=\"et_pb_text_3 et_pb_text et_pb_bg_layout_light et_pb_module et_flex_module\"><div class=\"et_pb_text_inner\"><p>Por qu\u00e9 su empresa merece un sitio web profesional en lugar de una plantilla DIY En el mundo digital actual, su sitio web es su escaparate virtual, su apret\u00f3n de [&hellip;]<\/p>\n<\/div><\/div>\n\n<div class=\"et_pb_module et_pb_button_module_wrapper et_pb_button_0_wrapper preset--group--divi-button--divi-button--hi917qs--default_wrapper\"><a class=\"et_pb_button_0 et_pb_button et_pb_bg_layout_light et_pb_module et_flex_module preset--group--divi-button--divi-button--hi917qs--default\" href=\"https:\/\/hayadigital.com\/es\/por-que-su-empresa-merece-un-sitio-web-profesional-en-lugar-de-una-plantilla-diy\/\">Leer m\u00e1s<\/a><\/div>\n<\/div><div class=\"et_pb_column_4 et_pb_column et_flex_column et_pb_css_mix_blend_mode_passthrough et_clickable et_flex_column_8_24 et_flex_column_12_24_tablet et_flex_column_24_24_phone\" data-loop-item=\"1\">\n<div class=\"et_pb_image_1 et_pb_image et_pb_module et_flex_module\"><span class=\"et_pb_image_wrap\"><img loading=\"lazy\" decoding=\"async\" src=\"https:\/\/hayadigital.com\/wp-content\/uploads\/2026\/02\/Gemini_Generated_Image_eros3meros3meros-1024x559.png\" alt=\"Servicios SEO J\u00e1lon\" title=\"posicionamiento en Google Alicante\" width=\"1024\" height=\"559\" srcset=\"https:\/\/hayadigital.com\/wp-content\/uploads\/2026\/02\/Gemini_Generated_Image_eros3meros3meros-980x534.png 980w, https:\/\/hayadigital.com\/wp-content\/uploads\/2026\/02\/Gemini_Generated_Image_eros3meros3meros-480x262.png 480w\" sizes=\"(min-width: 0px) and (max-width: 480px) 480px, (min-width: 481px) and (max-width: 980px) 980px, (min-width: 981px) 1024px, 100vw\" class=\"wp-image-374848\" \/><\/span><\/div>\n\n<div class=\"et_pb_heading_1 et_pb_heading et_pb_module et_flex_module\"><div class=\"et_pb_heading_container\"><h1 class=\"et_pb_module_header\">\u00bfQu\u00e9 es el SEO?<\/h1><\/div><\/div>\n\n<div class=\"et_pb_text_4 et_pb_text et_pb_bg_layout_light et_pb_module et_flex_module\"><div class=\"et_pb_text_inner\"><p>Detr\u00e1s de cada sitio web empresarial de \u00e9xito hay una estrategia llamada SEO. Aqu\u00ed tiene una gu\u00eda en lenguaje sencillo sobre c\u00f3mo funciona y por qu\u00e9 es el motor del [&hellip;]<\/p>\n<\/div><\/div>\n\n<div class=\"et_pb_module et_pb_button_module_wrapper et_pb_button_1_wrapper preset--group--divi-button--divi-button--hi917qs--default_wrapper\"><a class=\"et_pb_button_1 et_pb_button et_pb_bg_layout_light et_pb_module et_flex_module preset--group--divi-button--divi-button--hi917qs--default\" href=\"https:\/\/hayadigital.com\/es\/que-es-el-seo\/\">Leer m\u00e1s<\/a><\/div>\n<\/div><div class=\"et_pb_column_5 et_pb_column et_flex_column et_pb_css_mix_blend_mode_passthrough et_clickable et_flex_column_8_24 et_flex_column_12_24_tablet et_flex_column_24_24_phone\" data-loop-item=\"2\">\n<div class=\"et_pb_image_2 et_pb_image et_pb_module et_flex_module\"><span class=\"et_pb_image_wrap\"><img loading=\"lazy\" decoding=\"async\" src=\"https:\/\/hayadigital.com\/wp-content\/uploads\/2026\/02\/Gemini_Generated_Image_vglxggvglxggvglx-1024x559.png\" alt=\"Fotograf\u00edas profesionales para empresas\" title=\"Fotograf\u00edas profesionales para empresas\" width=\"1024\" height=\"559\" srcset=\"https:\/\/hayadigital.com\/wp-content\/uploads\/2026\/02\/Gemini_Generated_Image_vglxggvglxggvglx-980x534.png 980w, https:\/\/hayadigital.com\/wp-content\/uploads\/2026\/02\/Gemini_Generated_Image_vglxggvglxggvglx-480x262.png 480w\" sizes=\"(min-width: 0px) and (max-width: 480px) 480px, (min-width: 481px) and (max-width: 980px) 980px, (min-width: 981px) 1024px, 100vw\" class=\"wp-image-374942\" \/><\/span><\/div>\n\n<div class=\"et_pb_heading_2 et_pb_heading et_pb_module et_flex_module\"><div class=\"et_pb_heading_container\"><h1 class=\"et_pb_module_header\">Los beneficios de utilizar fotograf\u00eda profesional en el sitio web de su empresa<\/h1><\/div><\/div>\n\n<div class=\"et_pb_text_5 et_pb_text et_pb_bg_layout_light et_pb_module et_flex_module\"><div class=\"et_pb_text_inner\"><p>En un mercado digital saturado, las fotograf\u00edas de archivo gen\u00e9ricas ya no son suficientes. Descubra c\u00f3mo invertir en im\u00e1genes personalizadas y profesionales puede elevar su marca, generar confianza inmediata e [&hellip;]<\/p>\n<\/div><\/div>\n\n<div class=\"et_pb_module et_pb_button_module_wrapper et_pb_button_2_wrapper preset--group--divi-button--divi-button--hi917qs--default_wrapper\"><a class=\"et_pb_button_2 et_pb_button et_pb_bg_layout_light et_pb_module et_flex_module preset--group--divi-button--divi-button--hi917qs--default\" href=\"https:\/\/hayadigital.com\/es\/los-beneficios-de-utilizar-fotografia-profesional-en-el-sitio-web-de-su-empresa\/\">Leer m\u00e1s<\/a><\/div>\n<\/div><div class=\"et_pb_column_6 et_pb_column et_flex_column et_pb_css_mix_blend_mode_passthrough et_clickable et_flex_column_8_24 et_flex_column_12_24_tablet et_flex_column_24_24_phone\" data-loop-item=\"3\">\n<div class=\"et_pb_image_3 et_pb_image et_pb_module et_flex_module\"><span class=\"et_pb_image_wrap\"><img loading=\"lazy\" decoding=\"async\" src=\"https:\/\/hayadigital.com\/wp-content\/uploads\/2026\/02\/Gemini_Generated_Image_55c3yf55c3yf55c3-1024x559.png\" alt=\"Apret\u00f3n de manos digital\" title=\"Apret\u00f3n de manos digital\" width=\"1024\" height=\"559\" srcset=\"https:\/\/hayadigital.com\/wp-content\/uploads\/2026\/02\/Gemini_Generated_Image_55c3yf55c3yf55c3-980x534.png 980w, https:\/\/hayadigital.com\/wp-content\/uploads\/2026\/02\/Gemini_Generated_Image_55c3yf55c3yf55c3-480x262.png 480w\" sizes=\"(min-width: 0px) and (max-width: 480px) 480px, (min-width: 481px) and (max-width: 980px) 980px, (min-width: 981px) 1024px, 100vw\" class=\"wp-image-374939\" \/><\/span><\/div>\n\n<div class=\"et_pb_heading_3 et_pb_heading et_pb_module et_flex_module\"><div class=\"et_pb_heading_container\"><h1 class=\"et_pb_module_header\">La regla de los 0,05 segundos: por qu\u00e9 la primera impresi\u00f3n de su sitio web es fundamental para captar clientes.<\/h1><\/div><\/div>\n\n<div class=\"et_pb_text_6 et_pb_text et_pb_bg_layout_light et_pb_module et_flex_module\"><div class=\"et_pb_text_inner\"><p>Su sitio web es, a menudo, el primer apret\u00f3n de manos con un cliente potencial. \u00bfEs el suyo firme y profesional, o d\u00e9bil y confuso? He aqu\u00ed por qu\u00e9 una [&hellip;]<\/p>\n<\/div><\/div>\n\n<div class=\"et_pb_module et_pb_button_module_wrapper et_pb_button_3_wrapper preset--group--divi-button--divi-button--hi917qs--default_wrapper\"><a class=\"et_pb_button_3 et_pb_button et_pb_bg_layout_light et_pb_module et_flex_module preset--group--divi-button--divi-button--hi917qs--default\" href=\"https:\/\/hayadigital.com\/es\/la-regla-de-los-005-segundos-por-que-la-primera-impresion-de-su-sitio-web-es-fundamental-para-captar-clientes\/\">Leer m\u00e1s<\/a><\/div>\n<\/div><div class=\"et_pb_column_7 et_pb_column et-last-child et_flex_column et_pb_css_mix_blend_mode_passthrough et_clickable et_flex_column_8_24 et_flex_column_12_24_tablet et_flex_column_24_24_phone\" data-loop-item=\"4\">\n<div class=\"et_pb_image_4 et_pb_image et_pb_module et_flex_module\"><span class=\"et_pb_image_wrap\"><img loading=\"lazy\" decoding=\"async\" src=\"https:\/\/hayadigital.com\/wp-content\/uploads\/2026\/02\/Gemini_Generated_Image_hadtumhadtumhadt-1024x559.png\" alt=\"Cumplimiento de cookies\" title=\"Cumplimiento de cookies\" width=\"1024\" height=\"559\" srcset=\"https:\/\/hayadigital.com\/wp-content\/uploads\/2026\/02\/Gemini_Generated_Image_hadtumhadtumhadt-980x535.png 980w, https:\/\/hayadigital.com\/wp-content\/uploads\/2026\/02\/Gemini_Generated_Image_hadtumhadtumhadt-480x262.png 480w\" sizes=\"(min-width: 0px) and (max-width: 480px) 480px, (min-width: 481px) and (max-width: 980px) 980px, (min-width: 981px) 1024px, 100vw\" class=\"wp-image-374855\" \/><\/span><\/div>\n\n<div class=\"et_pb_heading_4 et_pb_heading et_pb_module et_flex_module\"><div class=\"et_pb_heading_container\"><h1 class=\"et_pb_module_header\">Posibles consecuencias de no tener una soluci\u00f3n de cookies adecuada instalada en el sitio web de su empresa en Espa\u00f1a<\/h1><\/div><\/div>\n\n<div class=\"et_pb_text_7 et_pb_text et_pb_bg_layout_light et_pb_module et_flex_module\"><div class=\"et_pb_text_inner\"><p>Mantenerse conforme con la normativa espa\u00f1ola sobre cookies es una parte clave de la salud digital. Desde la supervisi\u00f3n regulatoria hasta la precisi\u00f3n de sus datos de marketing, aqu\u00ed explicamos [&hellip;]<\/p>\n<\/div><\/div>\n\n<div class=\"et_pb_module et_pb_button_module_wrapper et_pb_button_4_wrapper preset--group--divi-button--divi-button--hi917qs--default_wrapper\"><a class=\"et_pb_button_4 et_pb_button et_pb_bg_layout_light et_pb_module et_flex_module preset--group--divi-button--divi-button--hi917qs--default\" href=\"https:\/\/hayadigital.com\/es\/posibles-consecuencias-de-no-tener-una-solucion-de-cookies-adecuada-instalada-en-el-sitio-web-de-su-empresa-en-espana\/\">Leer m\u00e1s<\/a><\/div>\n<\/div><\/div>\n<\/div>","protected":false},"excerpt":{"rendered":"","protected":false},"author":1,"featured_media":0,"parent":0,"menu_order":0,"comment_status":"closed","ping_status":"closed","template":"","meta":{"_acf_changed":false,"footnotes":""},"class_list":["post-375206","page","type-page","status-publish","hentry"],"acf":[],"_links":{"self":[{"href":"https:\/\/hayadigital.com\/es\/wp-json\/wp\/v2\/pages\/375206","targetHints":{"allow":["GET"]}}],"collection":[{"href":"https:\/\/hayadigital.com\/es\/wp-json\/wp\/v2\/pages"}],"about":[{"href":"https:\/\/hayadigital.com\/es\/wp-json\/wp\/v2\/types\/page"}],"author":[{"embeddable":true,"href":"https:\/\/hayadigital.com\/es\/wp-json\/wp\/v2\/users\/1"}],"replies":[{"embeddable":true,"href":"https:\/\/hayadigital.com\/es\/wp-json\/wp\/v2\/comments?post=375206"}],"version-history":[{"count":0,"href":"https:\/\/hayadigital.com\/es\/wp-json\/wp\/v2\/pages\/375206\/revisions"}],"wp:attachment":[{"href":"https:\/\/hayadigital.com\/es\/wp-json\/wp\/v2\/media?parent=375206"}],"curies":[{"name":"wp","href":"https:\/\/api.w.org\/{rel}","templated":true}]}}